{"id":51560,"date":"2020-12-21T19:57:05","date_gmt":"2020-12-22T01:57:05","guid":{"rendered":"https:\/\/wiselawoffices.wpengine.com\/practice-areas\/mala-praxis-medica\/"},"modified":"2024-03-29T13:16:28","modified_gmt":"2024-03-29T18:16:28","slug":"mala-praxis-medica","status":"publish","type":"page","link":"https:\/\/www.wiselawoffices.com\/es\/practice-areas\/mala-praxis-medica\/","title":{"rendered":"Mala praxis m\u00e9dica"},"content":{"rendered":"<div class=\"wpb-content-wrapper\"><p>[vc_section full_width=\u00bbstretch_row\u00bb el_class=\u00bbhome_guarantee_section\u00bb][vc_row equal_height=\u00bbyes\u00bb content_placement=\u00bbmiddle\u00bb el_class=\u00bbhome_guarantee_section_row\u00bb][vc_column offset=\u00bbvc_col-lg-6 vc_col-md-6 vc_col-xs-12&#8243;][vc_single_image image=\u00bb51418&#8243; img_size=\u00bbfull\u00bb alignment=\u00bbcenter\u00bb el_class=\u00bbhome_guarantee_section_image\u00bb][\/vc_column][vc_column offset=\u00bbvc_col-lg-6 vc_col-md-6 vc_col-xs-12&#8243;][vc_column_text]<\/p>\n<h2 class=\"section_title w_font\">Protegemos sus intereses en casos de mala praxis m\u00e9dica<\/h2>\n<div class=\"section_title_hr section_title_hr_left\"><\/div>\n<p>[\/vc_column_text][vc_column_text]<\/p>\n<p class=\"w_font\">En Wise Law Firm, LLC, sabemos que la mala praxis m\u00e9dica puede tener efectos devastadores en individuos y familias. Tenemos una larga e impresionante trayectoria de representar exitosamente a personas que han sufrido de lesiones o han perdido seres queridos debido a la mala praxis m\u00e9dica. Comprendemos las altas barreras que deben superarse para demostrar que ha sucedido mala praxis. No basta con mostrar que un profesional del cuidado de la salud simplemente viol\u00f3 el est\u00e1ndar de cuidado.<\/p>\n<p>[\/vc_column_text][\/vc_column][\/vc_row][\/vc_section][vc_row full_width=\u00bbstretch_row\u00bb css=\u00bb.vc_custom_1711735921769{padding-top: 30px !important;padding-bottom: 30px !important;background-color: #ecf0f3 !important;}\u00bb][vc_column width=\u00bb2\/3&#8243; css=\u00bb.vc_custom_1710958477219{padding-top: 40px !important;padding-bottom: 40px !important;}\u00bb][vc_column_text]<\/p>\n<h2 class=\"section_title\">El \u00e9xito depende de tu abogado<\/h2>\n<div class=\"section_title_hr section_title_hr_theme hr_alignleft\"><\/div>\n<p>[\/vc_column_text][vc_column_text]Nos enfocamos en demostrar que usted o su ser querido sufrieron una lesi\u00f3n, como da\u00f1o cerebral, par\u00e1lisis o muerte, que no hubiera ocurrido sin la negligencia del proveedor de atenci\u00f3n. La negligencia puede involucrar asuntos tan cr\u00edticos como:<\/p>\n<ul>\n<li>Lesiones durante el parto al ni\u00f1o o la madre<\/li>\n<li>Errores de medicaci\u00f3n con medicamentos de receta y anestesia<\/li>\n<li>Errores quir\u00fargicos que involucren errores de criterio, habilidad o atenci\u00f3n<\/li>\n<li>Diagn\u00f3sticos incorrectos, no diagnosticar un padecimiento m\u00e9dico o diagn\u00f3sticos atrasados<\/li>\n<li>No diagnosticar c\u00e1ncer<\/li>\n<li>Infecciones<\/li>\n<li>Lesiones cerebrales<\/li>\n<li>Errores en salas de emergencias<\/li>\n<\/ul>\n<p>Habiendo manejado casos de mala praxis m\u00e9dica en todo Illinois y en otros estados, sabemos que los litigios pueden ser costosos y el \u00e9xito puede depender de la comprensi\u00f3n que su abogado tenga no solo de la ley, sino tambi\u00e9n de la compleja interacci\u00f3n de la pericia y los requisitos m\u00e9dicos. Aportamos a su caso las habilidades de abogados litigantes experimentados que han ganado millones de d\u00f3lares en compensaciones justas para clientes y han recibido reconocimiento significativo de sus pares por sus logros profesionales.<\/p>\n<p>Abordamos todos los asuntos de mala praxis m\u00e9dica extremadamente bien preparados y con conocimiento profundo de las t\u00e1cticas de defensa de las aseguradoras. Tenemos una profunda comprensi\u00f3n de la forma en la que los profesionales m\u00e9dicos llegan a un diagn\u00f3stico, qu\u00e9 factores de riesgo y s\u00edntomas suelen tomar en cuenta y seg\u00fan qu\u00e9 criterios se puede identificar la negligencia. Esto nos permite preparar casos efectivos para los jueces y los jurados.[\/vc_column_text][\/vc_column][vc_column width=\u00bb1\/3&#8243; css=\u00bb.vc_custom_1711735913296{padding-top: 30px !important;padding-right: 30px !important;padding-bottom: 30px !important;padding-left: 30px !important;}\u00bb el_class=\u00bbpractice_areas\u00bb][vc_column_text]<\/p>\n<h2 class=\"section_title black_font\">Areas de Pr\u00e1ctica<\/h2>\n<div class=\"section_title_hr section_title_hr_theme hr_alignleft\"><\/div>\n<p>[\/vc_column_text][vc_wp_custommenu nav_menu=\u00bb22&#8243; el_class=\u00bbpractice_menu\u00bb][\/vc_column][\/vc_row][vc_section el_class=\u00bbhome_advantage_section\u00bb][vc_row equal_height=\u00bbyes\u00bb content_placement=\u00bbmiddle\u00bb el_class=\u00bbhome_advantage_section_row\u00bb][vc_column offset=\u00bbvc_col-lg-4 vc_col-md-5 vc_col-xs-12&#8243;][vc_column_text]<\/p>\n<h2 class=\"section_title text-left\">H\u00e1blenos sobre su reclamaci\u00f3n hoy<\/h2>\n<div class=\"section_title_hr section_title_hr_theme section_title_hr_left\"><\/div>\n<p>[\/vc_column_text][vc_column_text]Ofrecemos consultas gratuitas. Por favor llame a nuestra oficina de Chicago al <a href=\"tel:312-580-2040\">312-580-2040<\/a> o <a href=\"https:\/\/wiselawoffices.wpengine.com\/es\/contact\/\">env\u00edenos un correo electr\u00f3nico<\/a>.[\/vc_column_text][vc_btn title=\u00bbCONTACTO\u00bb style=\u00bbcustom\u00bb custom_background=\u00bb#4c3176&#8243; custom_text=\u00bb#ffffff\u00bb align=\u00bbleft\u00bb el_class=\u00bbtheme_btn theme_btn_w_bg\u00bb link=\u00bburl:https%3A%2F%2Fwiselawoffices.wpengine.com%2Fcontact%2F|title:Contact\u00bb][\/vc_column][vc_column offset=\u00bbvc_col-lg-8 vc_col-md-7 vc_col-xs-12&#8243;][vc_single_image image=\u00bb149&#8243; img_size=\u00bbfull\u00bb alignment=\u00bbcenter\u00bb el_class=\u00bbhome_advantage_section_row_img\u00bb][\/vc_column][\/vc_row][\/vc_section][vc_row][vc_column][vc_column_text]<\/p>\n<h2 class=\"section_title\">\u00c9xitos<\/h2>\n<div class=\"section_title_hr section_title_hr_theme hr_alignleft\"><\/div>\n<p>[\/vc_column_text][vc_column_text]<\/p>\n<h3>Acuerdo de $17 millones por un error en la sala de emergencias<\/h3>\n<p>Un hombre con antecedentes -y un riesgo grave- de desarrollar endocarditis bacteriana acudi\u00f3 al Centro M\u00e9dico de la Universidad de Chicago por un grave&#8230;<\/p>\n<p><a href=\"https:\/\/wiselawoffices.wpengine.com\/our-success\/17-5-million-emergency-room-error-settlement\/\">Leer m\u00e1s<\/a><\/p>\n<hr size=\"0\" \/>\n<h3>Acuerdo de $32 millones por una amputaci\u00f3n cu\u00e1druple debido a un retraso en el diagn\u00f3stico<\/h3>\n<p>Representamos a la madre de una ni\u00f1a de Chicago quien, a los 8 a\u00f1os, fue llevada al hospital con fiebre y dolor en su&#8230;<\/p>\n<p><a href=\"https:\/\/wiselawoffices.wpengine.com\/our-success\/32-million-settlement-for-quadruple-amputation-due-to-delayed-diagnosis\/\">Leer m\u00e1s<\/a><\/p>\n<hr size=\"0\" \/>\n<h3>Acuerdo de $10 millones por una lesi\u00f3n cerebral mal diagnosticada que provoc\u00f3 paraplejia<\/h3>\n<p>Nuestro cliente, un hombre de 41 a\u00f1os con dos hijos, sufri\u00f3 una lesi\u00f3n al lado derecho de la cabeza jugando futbol americano bandera en un&#8230;<\/p>\n<p><a href=\"https:\/\/wiselawoffices.wpengine.com\/our-success\/10-million-settlement-for-misdiagnosed-brain-injury-resulting-in-paraplegia\/\">Leer m\u00e1s<\/a><\/p>\n<hr size=\"0\" \/>\n<h3>Veredicto de jurado de $32 millones por par\u00e1lisis cerebral a causa de una lesi\u00f3n en el parto<\/h3>\n<p>Un ni\u00f1o de 7 a\u00f1os sufre de par\u00e1lisis cerebral, ceguera y es alimentado a trav\u00e9s de una sonda luego de que el personal de un hospital no reconociera numerosas se\u00f1ales de&#8230;<\/p>\n<p><a href=\"https:\/\/wiselawoffices.wpengine.com\/our-success\/32-million-jury-verdict-for-cerebral-palsy-from-birth-injury\/\">Leer m\u00e1s<\/a><\/p>\n<hr size=\"0\" \/>\n<h3>Acuerdo de $12 millones por mala praxis m\u00e9dica<\/h3>\n<p>Un ni\u00f1o de 6 a\u00f1os recibi\u00f3 un diagn\u00f3stico de par\u00e1lisis cerebral y cuadriplejia esp\u00e1stica como resultado de una meningitis bacteriana no tratada.<\/p>\n<p><a href=\"https:\/\/wiselawoffices.wpengine.com\/our-success\/12-million-medical-malpractice-settlement\/\">Leer m\u00e1s<\/a><\/p>\n<hr size=\"0\" \/>\n<h3>Acuerdo de $35 millones por una lesi\u00f3n cerebral al nacer<\/h3>\n<p>Representamos a la madre de un ni\u00f1o de 5 a\u00f1os que sufri\u00f3 una lesi\u00f3n cerebral grave durante el parto. Las lesiones del ni\u00f1o sucedieron cuando los m\u00e9dicos realizaron un&#8230;<\/p>\n<p><a href=\"https:\/\/wiselawoffices.wpengine.com\/our-success\/35-million-settlement-for-brain-injury-at-birth\/\">Leer m\u00e1s<\/a><\/p>\n<hr size=\"0\" \/>\n<h3>Acuerdo de $5.5 millones por una lesi\u00f3n durante el parto<\/h3>\n<p>El hijo de una mujer naci\u00f3 con da\u00f1o cerebral grave luego de que un retraso en el parto causara una falta de ox\u00edgeno.<\/p>\n<p><a href=\"https:\/\/wiselawoffices.wpengine.com\/our-success\/5-5-million-settlement-for-birth-injury\/\">Leer m\u00e1s<\/a><\/p>\n<hr size=\"0\" \/>\n<h3>Veredicto de jurado de $20.25 millones por lesiones de sufrimiento fetal<\/h3>\n<p>Un reci\u00e9n nacido sufri\u00f3 da\u00f1o y par\u00e1lisis cerebral grave luego de que el personal del hospital no reconociera horas de sufrimiento fetal.<\/p>\n<p><a href=\"https:\/\/wiselawoffices.wpengine.com\/our-success\/20-25-million-jury-verdict-for-fetal-distress-injuries\/\">Leer m\u00e1s<\/a>[\/vc_column_text][\/vc_column][\/vc_row]<\/p>\n<\/div>","protected":false},"excerpt":{"rendered":"<p>[vc_section full_width=\u00bbstretch_row\u00bb el_class=\u00bbhome_guarantee_section\u00bb][vc_row equal_height=\u00bbyes\u00bb content_placement=\u00bbmiddle\u00bb el_class=\u00bbhome_guarantee_section_row\u00bb][vc_column offset=\u00bbvc_col-lg-6 vc_col-md-6 vc_col-xs-12&#8243;][vc_single_image image=\u00bb51418&#8243; img_size=\u00bbfull\u00bb alignment=\u00bbcenter\u00bb el_class=\u00bbhome_guarantee_section_image\u00bb][\/vc_column][vc_column offset=\u00bbvc_col-lg-6 vc_col-md-6 vc_col-xs-12&#8243;][vc_column_text] Protegemos sus intereses en casos de mala praxis m\u00e9dica [\/vc_column_text][vc_column_text] En Wise Law Firm, LLC, sabemos que la mala praxis m\u00e9dica puede tener efectos devastadores en individuos y familias. Tenemos una larga e impresionante trayectoria de representar exitosamente a [&hellip;]<\/p>\n","protected":false},"author":1,"featured_media":0,"parent":51546,"menu_order":0,"comment_status":"closed","ping_status":"closed","template":"","meta":{"_acf_changed":false,"footnotes":""},"class_list":["post-51560","page","type-page","status-publish","hentry"],"acf":[],"yoast_head":"<!-- This site is optimized with the Yoast SEO Premium plugin v27.3 (Yoast SEO v27.4) - https:\/\/yoast.com\/product\/yoast-seo-premium-wordpress\/ -->\n<title>Mala praxis m\u00e9dica - Wise Law Offices LLC<\/title>\n<meta name=\"robots\" content=\"index, follow, max-snippet:-1, max-image-preview:large, max-video-preview:-1\" \/>\n<link rel=\"canonical\" href=\"https:\/\/www.wiselawoffices.com\/es\/practice-areas\/mala-praxis-medica\/\" \/>\n<meta property=\"og:locale\" content=\"es_ES\" \/>\n<meta property=\"og:type\" content=\"article\" \/>\n<meta property=\"og:title\" content=\"Mala praxis m\u00e9dica\" \/>\n<meta property=\"og:description\" content=\"[vc_section full_width=\u00bbstretch_row\u00bb el_class=\u00bbhome_guarantee_section\u00bb][vc_row equal_height=\u00bbyes\u00bb content_placement=\u00bbmiddle\u00bb el_class=\u00bbhome_guarantee_section_row\u00bb][vc_column offset=\u00bbvc_col-lg-6 vc_col-md-6 vc_col-xs-12&#8243;][vc_single_image image=\u00bb51418&#8243; img_size=\u00bbfull\u00bb alignment=\u00bbcenter\u00bb el_class=\u00bbhome_guarantee_section_image\u00bb][\/vc_column][vc_column offset=\u00bbvc_col-lg-6 vc_col-md-6 vc_col-xs-12&#8243;][vc_column_text] Protegemos sus intereses en casos de mala praxis m\u00e9dica [\/vc_column_text][vc_column_text] En Wise Law Firm, LLC, sabemos que la mala praxis m\u00e9dica puede tener efectos devastadores en individuos y familias. Tenemos una larga e impresionante trayectoria de representar exitosamente a [&hellip;]\" \/>\n<meta property=\"og:url\" content=\"https:\/\/www.wiselawoffices.com\/es\/practice-areas\/mala-praxis-medica\/\" \/>\n<meta property=\"og:site_name\" content=\"Wise Law Offices LLC\" \/>\n<meta property=\"article:publisher\" content=\"https:\/\/www.facebook.com\/WiseLawOffices\" \/>\n<meta property=\"article:modified_time\" content=\"2024-03-29T18:16:28+00:00\" \/>\n<meta property=\"og:image\" content=\"https:\/\/www.wiselawoffices.com\/wp-content\/uploads\/2024\/03\/wise-law-graphic.jpg\" \/>\n\t<meta property=\"og:image:width\" content=\"1200\" \/>\n\t<meta property=\"og:image:height\" content=\"675\" \/>\n\t<meta property=\"og:image:type\" content=\"image\/jpeg\" \/>\n<meta name=\"twitter:card\" content=\"summary_large_image\" \/>\n<meta name=\"twitter:site\" content=\"@WiseLawOffices\" \/>\n<meta name=\"twitter:label1\" content=\"Tiempo de lectura\" \/>\n\t<meta name=\"twitter:data1\" content=\"4 minutos\" \/>\n<script type=\"application\/ld+json\" class=\"yoast-schema-graph\">{\"@context\":\"https:\\\/\\\/schema.org\",\"@graph\":[{\"@type\":\"WebPage\",\"@id\":\"https:\\\/\\\/www.wiselawoffices.com\\\/es\\\/practice-areas\\\/mala-praxis-medica\\\/\",\"url\":\"https:\\\/\\\/www.wiselawoffices.com\\\/es\\\/practice-areas\\\/mala-praxis-medica\\\/\",\"name\":\"Mala praxis m\u00e9dica - Wise Law Offices LLC\",\"isPartOf\":{\"@id\":\"https:\\\/\\\/www.wiselawoffices.com\\\/es\\\/#website\"},\"datePublished\":\"2020-12-22T01:57:05+00:00\",\"dateModified\":\"2024-03-29T18:16:28+00:00\",\"breadcrumb\":{\"@id\":\"https:\\\/\\\/www.wiselawoffices.com\\\/es\\\/practice-areas\\\/mala-praxis-medica\\\/#breadcrumb\"},\"inLanguage\":\"es\",\"potentialAction\":[{\"@type\":\"ReadAction\",\"target\":[\"https:\\\/\\\/www.wiselawoffices.com\\\/es\\\/practice-areas\\\/mala-praxis-medica\\\/\"]}]},{\"@type\":\"BreadcrumbList\",\"@id\":\"https:\\\/\\\/www.wiselawoffices.com\\\/es\\\/practice-areas\\\/mala-praxis-medica\\\/#breadcrumb\",\"itemListElement\":[{\"@type\":\"ListItem\",\"position\":1,\"name\":\"Home\",\"item\":\"https:\\\/\\\/www.wiselawoffices.com\\\/es\\\/\"},{\"@type\":\"ListItem\",\"position\":2,\"name\":\"Areas de pr\u00e1ctica\",\"item\":\"https:\\\/\\\/www.wiselawoffices.com\\\/es\\\/practice-areas\\\/\"},{\"@type\":\"ListItem\",\"position\":3,\"name\":\"Mala praxis m\u00e9dica\"}]},{\"@type\":\"WebSite\",\"@id\":\"https:\\\/\\\/www.wiselawoffices.com\\\/es\\\/#website\",\"url\":\"https:\\\/\\\/www.wiselawoffices.com\\\/es\\\/\",\"name\":\"Wise Law Offices LLC\",\"description\":\"Wise Law Offices - Your Chicago Personal Injury Lawyers\",\"publisher\":{\"@id\":\"https:\\\/\\\/www.wiselawoffices.com\\\/es\\\/#organization\"},\"potentialAction\":[{\"@type\":\"SearchAction\",\"target\":{\"@type\":\"EntryPoint\",\"urlTemplate\":\"https:\\\/\\\/www.wiselawoffices.com\\\/es\\\/?s={search_term_string}\"},\"query-input\":{\"@type\":\"PropertyValueSpecification\",\"valueRequired\":true,\"valueName\":\"search_term_string\"}}],\"inLanguage\":\"es\"},{\"@type\":[\"Organization\",\"Place\",\"LegalService\"],\"@id\":\"https:\\\/\\\/www.wiselawoffices.com\\\/es\\\/#organization\",\"name\":\"Wise Law Offices LLC\",\"url\":\"https:\\\/\\\/www.wiselawoffices.com\\\/es\\\/\",\"logo\":{\"@id\":\"https:\\\/\\\/www.wiselawoffices.com\\\/es\\\/practice-areas\\\/mala-praxis-medica\\\/#local-main-organization-logo\"},\"image\":{\"@id\":\"https:\\\/\\\/www.wiselawoffices.com\\\/es\\\/practice-areas\\\/mala-praxis-medica\\\/#local-main-organization-logo\"},\"sameAs\":[\"https:\\\/\\\/www.facebook.com\\\/WiseLawOffices\",\"https:\\\/\\\/x.com\\\/WiseLawOffices\",\"https:\\\/\\\/www.instagram.com\\\/wiselawoffices\\\/\",\"https:\\\/\\\/www.linkedin.com\\\/company\\\/wiselawoffices\"],\"description\":\"Wise Law Offices is a group of award-winning trial lawyers in Chicago, Illinois. Founded in 2002, the firm has helped thousands of people navigate the legal system following serious injury or catastrophic loss. In the last two decades, they have secured over $1 Billion for their personal injury clients, with more than 300 multi-million-dollar cases. Wise Law: Compassionate. Experienced. Aggressive.\",\"legalName\":\"Wise Law Offices, LLC\",\"foundingDate\":\"2002-01-22\",\"numberOfEmployees\":{\"@type\":\"QuantitativeValue\",\"minValue\":\"11\",\"maxValue\":\"50\"},\"address\":{\"@id\":\"https:\\\/\\\/www.wiselawoffices.com\\\/es\\\/practice-areas\\\/mala-praxis-medica\\\/#local-main-place-address\"},\"geo\":{\"@type\":\"GeoCoordinates\",\"latitude\":\"41.90640483804134\",\"longitude\":\"-87.65643960654296\"},\"telephone\":[\"3125802040\"],\"openingHoursSpecification\":[{\"@type\":\"OpeningHoursSpecification\",\"dayOfWeek\":[\"Monday\",\"Tuesday\",\"Wednesday\",\"Thursday\",\"Friday\",\"Saturday\",\"Sunday\"],\"opens\":\"08:00\",\"closes\":\"17:00\"}],\"areaServed\":\"Chicago Metro Area\"},{\"@type\":\"PostalAddress\",\"@id\":\"https:\\\/\\\/www.wiselawoffices.com\\\/es\\\/practice-areas\\\/mala-praxis-medica\\\/#local-main-place-address\",\"streetAddress\":\"161 North Clark Street, Suite 3250\",\"addressLocality\":\"Chicago\",\"postalCode\":\"60601\",\"addressRegion\":\"IL\",\"addressCountry\":\"US\"},{\"@type\":\"ImageObject\",\"inLanguage\":\"es\",\"@id\":\"https:\\\/\\\/www.wiselawoffices.com\\\/es\\\/practice-areas\\\/mala-praxis-medica\\\/#local-main-organization-logo\",\"url\":\"https:\\\/\\\/www.wiselawoffices.com\\\/wp-content\\\/uploads\\\/2024\\\/03\\\/wiselawoffices_vertical_logo.webp\",\"contentUrl\":\"https:\\\/\\\/www.wiselawoffices.com\\\/wp-content\\\/uploads\\\/2024\\\/03\\\/wiselawoffices_vertical_logo.webp\",\"width\":283,\"height\":234,\"caption\":\"Wise Law Offices LLC\"}]}<\/script>\n<meta name=\"geo.placename\" content=\"Chicago\" \/>\n<meta name=\"geo.position\" content=\"41.90640483804134;-87.65643960654296\" \/>\n<meta name=\"geo.region\" content=\"Estados Unidos (EEUU)\" \/>\n<!-- \/ Yoast SEO Premium plugin. -->","yoast_head_json":{"title":"Mala praxis m\u00e9dica - Wise Law Offices LLC","robots":{"index":"index","follow":"follow","max-snippet":"max-snippet:-1","max-image-preview":"max-image-preview:large","max-video-preview":"max-video-preview:-1"},"canonical":"https:\/\/www.wiselawoffices.com\/es\/practice-areas\/mala-praxis-medica\/","og_locale":"es_ES","og_type":"article","og_title":"Mala praxis m\u00e9dica","og_description":"[vc_section full_width=\u00bbstretch_row\u00bb el_class=\u00bbhome_guarantee_section\u00bb][vc_row equal_height=\u00bbyes\u00bb content_placement=\u00bbmiddle\u00bb el_class=\u00bbhome_guarantee_section_row\u00bb][vc_column offset=\u00bbvc_col-lg-6 vc_col-md-6 vc_col-xs-12&#8243;][vc_single_image image=\u00bb51418&#8243; img_size=\u00bbfull\u00bb alignment=\u00bbcenter\u00bb el_class=\u00bbhome_guarantee_section_image\u00bb][\/vc_column][vc_column offset=\u00bbvc_col-lg-6 vc_col-md-6 vc_col-xs-12&#8243;][vc_column_text] Protegemos sus intereses en casos de mala praxis m\u00e9dica [\/vc_column_text][vc_column_text] En Wise Law Firm, LLC, sabemos que la mala praxis m\u00e9dica puede tener efectos devastadores en individuos y familias. Tenemos una larga e impresionante trayectoria de representar exitosamente a [&hellip;]","og_url":"https:\/\/www.wiselawoffices.com\/es\/practice-areas\/mala-praxis-medica\/","og_site_name":"Wise Law Offices LLC","article_publisher":"https:\/\/www.facebook.com\/WiseLawOffices","article_modified_time":"2024-03-29T18:16:28+00:00","og_image":[{"width":1200,"height":675,"url":"https:\/\/www.wiselawoffices.com\/wp-content\/uploads\/2024\/03\/wise-law-graphic.jpg","type":"image\/jpeg"}],"twitter_card":"summary_large_image","twitter_site":"@WiseLawOffices","twitter_misc":{"Tiempo de lectura":"4 minutos"},"schema":{"@context":"https:\/\/schema.org","@graph":[{"@type":"WebPage","@id":"https:\/\/www.wiselawoffices.com\/es\/practice-areas\/mala-praxis-medica\/","url":"https:\/\/www.wiselawoffices.com\/es\/practice-areas\/mala-praxis-medica\/","name":"Mala praxis m\u00e9dica - Wise Law Offices LLC","isPartOf":{"@id":"https:\/\/www.wiselawoffices.com\/es\/#website"},"datePublished":"2020-12-22T01:57:05+00:00","dateModified":"2024-03-29T18:16:28+00:00","breadcrumb":{"@id":"https:\/\/www.wiselawoffices.com\/es\/practice-areas\/mala-praxis-medica\/#breadcrumb"},"inLanguage":"es","potentialAction":[{"@type":"ReadAction","target":["https:\/\/www.wiselawoffices.com\/es\/practice-areas\/mala-praxis-medica\/"]}]},{"@type":"BreadcrumbList","@id":"https:\/\/www.wiselawoffices.com\/es\/practice-areas\/mala-praxis-medica\/#breadcrumb","itemListElement":[{"@type":"ListItem","position":1,"name":"Home","item":"https:\/\/www.wiselawoffices.com\/es\/"},{"@type":"ListItem","position":2,"name":"Areas de pr\u00e1ctica","item":"https:\/\/www.wiselawoffices.com\/es\/practice-areas\/"},{"@type":"ListItem","position":3,"name":"Mala praxis m\u00e9dica"}]},{"@type":"WebSite","@id":"https:\/\/www.wiselawoffices.com\/es\/#website","url":"https:\/\/www.wiselawoffices.com\/es\/","name":"Wise Law Offices LLC","description":"Wise Law Offices - Your Chicago Personal Injury Lawyers","publisher":{"@id":"https:\/\/www.wiselawoffices.com\/es\/#organization"},"potentialAction":[{"@type":"SearchAction","target":{"@type":"EntryPoint","urlTemplate":"https:\/\/www.wiselawoffices.com\/es\/?s={search_term_string}"},"query-input":{"@type":"PropertyValueSpecification","valueRequired":true,"valueName":"search_term_string"}}],"inLanguage":"es"},{"@type":["Organization","Place","LegalService"],"@id":"https:\/\/www.wiselawoffices.com\/es\/#organization","name":"Wise Law Offices LLC","url":"https:\/\/www.wiselawoffices.com\/es\/","logo":{"@id":"https:\/\/www.wiselawoffices.com\/es\/practice-areas\/mala-praxis-medica\/#local-main-organization-logo"},"image":{"@id":"https:\/\/www.wiselawoffices.com\/es\/practice-areas\/mala-praxis-medica\/#local-main-organization-logo"},"sameAs":["https:\/\/www.facebook.com\/WiseLawOffices","https:\/\/x.com\/WiseLawOffices","https:\/\/www.instagram.com\/wiselawoffices\/","https:\/\/www.linkedin.com\/company\/wiselawoffices"],"description":"Wise Law Offices is a group of award-winning trial lawyers in Chicago, Illinois. Founded in 2002, the firm has helped thousands of people navigate the legal system following serious injury or catastrophic loss. In the last two decades, they have secured over $1 Billion for their personal injury clients, with more than 300 multi-million-dollar cases. Wise Law: Compassionate. Experienced. Aggressive.","legalName":"Wise Law Offices, LLC","foundingDate":"2002-01-22","numberOfEmployees":{"@type":"QuantitativeValue","minValue":"11","maxValue":"50"},"address":{"@id":"https:\/\/www.wiselawoffices.com\/es\/practice-areas\/mala-praxis-medica\/#local-main-place-address"},"geo":{"@type":"GeoCoordinates","latitude":"41.90640483804134","longitude":"-87.65643960654296"},"telephone":["3125802040"],"openingHoursSpecification":[{"@type":"OpeningHoursSpecification","dayOfWeek":["Monday","Tuesday","Wednesday","Thursday","Friday","Saturday","Sunday"],"opens":"08:00","closes":"17:00"}],"areaServed":"Chicago Metro Area"},{"@type":"PostalAddress","@id":"https:\/\/www.wiselawoffices.com\/es\/practice-areas\/mala-praxis-medica\/#local-main-place-address","streetAddress":"161 North Clark Street, Suite 3250","addressLocality":"Chicago","postalCode":"60601","addressRegion":"IL","addressCountry":"US"},{"@type":"ImageObject","inLanguage":"es","@id":"https:\/\/www.wiselawoffices.com\/es\/practice-areas\/mala-praxis-medica\/#local-main-organization-logo","url":"https:\/\/www.wiselawoffices.com\/wp-content\/uploads\/2024\/03\/wiselawoffices_vertical_logo.webp","contentUrl":"https:\/\/www.wiselawoffices.com\/wp-content\/uploads\/2024\/03\/wiselawoffices_vertical_logo.webp","width":283,"height":234,"caption":"Wise Law Offices LLC"}]},"geo.placename":"Chicago","geo.position":{"lat":"41.90640483804134","long":"-87.65643960654296"},"geo.region":"Estados Unidos (EEUU)"},"_links":{"self":[{"href":"https:\/\/www.wiselawoffices.com\/es\/wp-json\/wp\/v2\/pages\/51560","targetHints":{"allow":["GET"]}}],"collection":[{"href":"https:\/\/www.wiselawoffices.com\/es\/wp-json\/wp\/v2\/pages"}],"about":[{"href":"https:\/\/www.wiselawoffices.com\/es\/wp-json\/wp\/v2\/types\/page"}],"author":[{"embeddable":true,"href":"https:\/\/www.wiselawoffices.com\/es\/wp-json\/wp\/v2\/users\/1"}],"replies":[{"embeddable":true,"href":"https:\/\/www.wiselawoffices.com\/es\/wp-json\/wp\/v2\/comments?post=51560"}],"version-history":[{"count":0,"href":"https:\/\/www.wiselawoffices.com\/es\/wp-json\/wp\/v2\/pages\/51560\/revisions"}],"up":[{"embeddable":true,"href":"https:\/\/www.wiselawoffices.com\/es\/wp-json\/wp\/v2\/pages\/51546"}],"wp:attachment":[{"href":"https:\/\/www.wiselawoffices.com\/es\/wp-json\/wp\/v2\/media?parent=51560"}],"curies":[{"name":"wp","href":"https:\/\/api.w.org\/{rel}","templated":true}]}}