{"id":51566,"date":"2020-12-21T19:56:21","date_gmt":"2020-12-22T01:56:21","guid":{"rendered":"https:\/\/wiselawoffices.wpengine.com\/practice-areas\/responsabilidad-del-producto\/"},"modified":"2024-03-29T13:28:10","modified_gmt":"2024-03-29T18:28:10","slug":"responsabilidad-del-producto","status":"publish","type":"page","link":"https:\/\/www.wiselawoffices.com\/es\/practice-areas\/responsabilidad-del-producto\/","title":{"rendered":"Responsabilidad del producto"},"content":{"rendered":"<div class=\"wpb-content-wrapper\"><p>[vc_section full_width=\u00bbstretch_row\u00bb el_class=\u00bbhome_guarantee_section\u00bb][vc_row equal_height=\u00bbyes\u00bb content_placement=\u00bbmiddle\u00bb el_class=\u00bbhome_guarantee_section_row\u00bb][vc_column offset=\u00bbvc_col-lg-6 vc_col-md-6 vc_col-xs-12&#8243;][vc_single_image image=\u00bb51585&#8243; img_size=\u00bbfull\u00bb alignment=\u00bbcenter\u00bb el_class=\u00bbhome_guarantee_section_image\u00bb][\/vc_column][vc_column offset=\u00bbvc_col-lg-6 vc_col-md-6 vc_col-xs-12&#8243;][vc_column_text]<\/p>\n<h2 class=\"section_title w_font\">Tome medidas cuando un producto defectuoso cause una lesi\u00f3n<\/h2>\n<div class=\"section_title_hr section_title_hr_left\"><\/div>\n<p>[\/vc_column_text][vc_column_text]<\/p>\n<p class=\"w_font\">Tiene derecho a esperar que usar un producto en el que gast\u00f3 el dinero que tanto lo cost\u00f3 ganar sea seguro. Sin embargo, un mal dise\u00f1o de producto y fabricaci\u00f3n o un etiquetado deficiente pueden provocar lesiones o la muerte.<\/p>\n<p>[\/vc_column_text][\/vc_column][\/vc_row][\/vc_section][vc_row full_width=\u00bbstretch_row\u00bb css=\u00bb.vc_custom_1711734426507{padding-top: 30px !important;padding-bottom: 30px !important;background-color: #ecf0f3 !important;}\u00bb][vc_column width=\u00bb2\/3&#8243; css=\u00bb.vc_custom_1710958477219{padding-top: 40px !important;padding-bottom: 40px !important;}\u00bb][vc_column_text]Para citar solo un ejemplo, en un periodo de tres meses, las retiradas del mercado de productos para ni\u00f1os y beb\u00e9s aumentaron en un 18 por ciento con respecto al trimestre previo, con m\u00e1s de 200 incidentes de seguridad reportados, provocando 13 lesiones y cinco muertes. Los nuevos est\u00e1ndares internacionales para la protecci\u00f3n del consumidor pueden ayudar, pero cuando los problemas de dise\u00f1o, defectos e informaci\u00f3n de seguridad insuficiente causan lesiones, la falta de identificaci\u00f3n est\u00e1ndar y rastreabilidad de producto significa que \u00fanicamente abogados de responsabilidad de productos altamente h\u00e1biles pueden garantizar una compensaci\u00f3n justa para los lesionados.<\/p>\n<h2 class=\"section_title\">C\u00f3mo puede ayudar nuestro despacho<\/h2>\n<div class=\"section_title_hr section_title_hr_theme hr_alignleft\"><\/div>\n<p>En Wise Law, nuestros abogados han representado a docenas de individuos y familias que se han lesionado debido a productos defectuosos. Tenemos gran habilidad para interpretar las disposiciones de las leyes de Illinois, que asignan responsabilidad a cualquiera que venda un producto que tenga una condici\u00f3n defectuosa que sea desmedidamente peligrosa para los consumidores, los usuarios o sus propiedades. Tambi\u00e9n tenemos acceso al conocimiento cient\u00edfico y t\u00e9cnico experto necesario para mostrar que un fabricante o vendedor es responsable si las advertencias realizadas sobre el producto fueron insuficientes.<\/p>\n<p>Cuando nuestros abogados presentan una demanda de responsabilidad de productos en su nombre, obtiene una combinaci\u00f3n de habilidades de negociaci\u00f3n y litigios, sofisticaci\u00f3n en la gesti\u00f3n de los casos, conocimiento t\u00e9cnico s\u00f3lido y estrategias innovadoras para procesar su reclamaci\u00f3n. Como h\u00e1biles abogados litigantes, presentamos agresivamente un caso informado y pr\u00e1ctico que se elabor\u00f3 para refutar los argumentos de los fabricantes y sus aseguradores. Ya sea que su reclamaci\u00f3n involucre lesiones a causa de defectos de dise\u00f1o o fabricaci\u00f3n, de una falta de advertencias o del uso indebido del producto, tenemos la experiencia para desarrollar los argumentos m\u00e1s convincentes en su nombre con bases cient\u00edficas, t\u00e9cnicas y legales.<\/p>\n<p>Estamos ampliamente calificados para manejar los factores m\u00e1s complejos que involucran a testigos expertos, exhibici\u00f3n de pruebas y otros tipos de preparaci\u00f3n para juicios. Con una extensa capacidad para manejar mala praxis m\u00e9dica y una comprensi\u00f3n profunda de la terminolog\u00eda m\u00e9dica, nuestro despacho sabe c\u00f3mo transmitir el dolor y sufrimiento que usted o su ser querido experimentaron por un producto defectuoso como:<\/p>\n<ul>\n<li>Medicamentos peligrosos<\/li>\n<li>Dispositivos m\u00e9dicos defectuosos<\/li>\n<li>Productos de consumo mal dise\u00f1ados<\/li>\n<li>Productos fabricados en otros pa\u00edses<\/li>\n<\/ul>\n<p>[\/vc_column_text][\/vc_column][vc_column width=\u00bb1\/3&#8243; css=\u00bb.vc_custom_1711650991763{padding-top: 30px !important;padding-right: 30px !important;padding-bottom: 30px !important;padding-left: 30px !important;}\u00bb el_class=\u00bbpractice_areas\u00bb][vc_column_text]<\/p>\n<h2 class=\"section_title black_font\">Areas de Pr\u00e1ctica<\/h2>\n<div class=\"section_title_hr section_title_hr_theme hr_alignleft\"><\/div>\n<p>[\/vc_column_text][vc_wp_custommenu nav_menu=\u00bb22&#8243; el_class=\u00bbpractice_menu\u00bb][\/vc_column][\/vc_row][vc_section el_class=\u00bbhome_advantage_section\u00bb][vc_row equal_height=\u00bbyes\u00bb content_placement=\u00bbmiddle\u00bb el_class=\u00bbhome_advantage_section_row\u00bb][vc_column offset=\u00bbvc_col-lg-4 vc_col-md-5 vc_col-xs-12&#8243;][vc_column_text]<\/p>\n<h2 class=\"section_title text-left\">Por favor hable con nosotros hoy<\/h2>\n<div class=\"section_title_hr section_title_hr_theme section_title_hr_left\"><\/div>\n<p>[\/vc_column_text][vc_column_text]Puede llamarnos en Chicago al <a href=\"tel:312-580-2040\">312-580-2040<\/a> o <a href=\"https:\/\/wiselawoffices.wpengine.com\/es\/contact\/\">comunicarse con nosotros en l\u00ednea<\/a>. Ofrecemos consultas gratuitas.<br \/>\n[\/vc_column_text][vc_btn title=\u00bbCONTACTO\u00bb style=\u00bbcustom\u00bb custom_background=\u00bb#4c3176&#8243; custom_text=\u00bb#ffffff\u00bb align=\u00bbleft\u00bb el_class=\u00bbtheme_btn theme_btn_w_bg\u00bb link=\u00bburl:%2Fes%2Fcontact%2F|title:Contact\u00bb][\/vc_column][vc_column offset=\u00bbvc_col-lg-8 vc_col-md-7 vc_col-xs-12&#8243;][vc_single_image image=\u00bb149&#8243; img_size=\u00bbfull\u00bb alignment=\u00bbcenter\u00bb el_class=\u00bbhome_advantage_section_row_img\u00bb][\/vc_column][\/vc_row][\/vc_section][vc_row][vc_column][vc_column_text]<\/p>\n<h2 class=\"section_title text-left\">\u00c9xitos<\/h2>\n<div class=\"section_title_hr section_title_hr_theme section_title_hr_left\"><\/div>\n<p>[\/vc_column_text][vc_column_text]<strong>Veredicto de $11 millones por una lesi\u00f3n cerebral tras una apelaci\u00f3n y un nuevo juicio<\/strong><\/p>\n<p>Un hombre de 64 a\u00f1os que sufri\u00f3 da\u00f1o cerebral grave luego de que una escalera que estaba usando colapsara, gan\u00f3 un veredicto federal de $11 millones durante un&#8230;<\/p>\n<p><a href=\"https:\/\/wiselawoffices.wpengine.com\/our-success\/11-million-brain-injury-verdict-after-appeal-retrial\/\">Leer m\u00e1s<\/a><\/p>\n<hr size=\"0\" \/>\n<h3><strong>Acuerdo de $4.055 millones por una lesi\u00f3n en el lugar de trabajo a causa de un nuevo producto de apuntalamiento<\/strong><\/h3>\n<p>Representamos a un carpintero de 44 a\u00f1os y su esposa en su demanda por responsabilidad de producto y lesi\u00f3n en el lugar de trabajo. El carpintero era empleado de Walsh Construction Company &#8230;<\/p>\n<p><a href=\"https:\/\/wiselawoffices.wpengine.com\/our-success\/4-055-million-settlement-for-workplace-injury-from-new-shoring-product\/\">Leer m\u00e1s<\/a><\/p>\n<hr size=\"0\" \/>\n<h3><strong>Acuerdo de $5.2 millones en un accidente mortal en un patio de maniobras<\/strong><\/h3>\n<p>Representamos a la familia de un operador de gr\u00faa de 58 a\u00f1os que muri\u00f3 en un accidente en el que la parte superior de una gr\u00faa se derrumb\u00f3 sobre su&#8230;<\/p>\n<p><a href=\"https:\/\/wiselawoffices.wpengine.com\/our-success\/5-2-million-settlement-in-fatal-railroad-yard-accident\/\">Leer m\u00e1s<\/a><\/p>\n<hr size=\"0\" \/>\n<h3><strong>Acuerdo de $1.55 millones por responsabilidad de producto en un cable para elevador<\/strong><\/h3>\n<p>Los cables de los elevadores instalados en el hotel Sheraton Towers en Chicago eran defectuosos puesto que produc\u00edan una sustancia negra alquitranada al usarse. Nuestro cliente, un&#8230;<\/p>\n<p><a href=\"https:\/\/wiselawoffices.wpengine.com\/our-success\/1-55-million-settlement-for-elevator-cable-product-liability\/\">Leer m\u00e1s<\/a><\/p>\n<hr size=\"0\" \/>\n<h3><strong>Veredicto de jurado de $2.6 millones por un producto defectuoso en el lugar de trabajo<\/strong><\/h3>\n<p>Un clasificador de basura perdi\u00f3 parte del pie cuando qued\u00f3 enganchado en una m\u00e1quina de prensado de papel. Estaba intentando desatascar la m\u00e1quina&#8230;<\/p>\n<p><a href=\"https:\/\/wiselawoffices.wpengine.com\/our-success\/2-6-million-jury-verdict-for-workplace-defective-product\/\">Leer m\u00e1s<\/a>[\/vc_column_text][\/vc_column][\/vc_row]<\/p>\n<\/div>","protected":false},"excerpt":{"rendered":"<p>[vc_section full_width=\u00bbstretch_row\u00bb el_class=\u00bbhome_guarantee_section\u00bb][vc_row equal_height=\u00bbyes\u00bb content_placement=\u00bbmiddle\u00bb el_class=\u00bbhome_guarantee_section_row\u00bb][vc_column offset=\u00bbvc_col-lg-6 vc_col-md-6 vc_col-xs-12&#8243;][vc_single_image image=\u00bb51585&#8243; img_size=\u00bbfull\u00bb alignment=\u00bbcenter\u00bb el_class=\u00bbhome_guarantee_section_image\u00bb][\/vc_column][vc_column offset=\u00bbvc_col-lg-6 vc_col-md-6 vc_col-xs-12&#8243;][vc_column_text] Tome medidas cuando un producto defectuoso cause una lesi\u00f3n [\/vc_column_text][vc_column_text] Tiene derecho a esperar que usar un producto en el que gast\u00f3 el dinero que tanto lo cost\u00f3 ganar sea seguro. Sin embargo, un mal dise\u00f1o de producto y [&hellip;]<\/p>\n","protected":false},"author":1,"featured_media":0,"parent":51546,"menu_order":0,"comment_status":"closed","ping_status":"closed","template":"","meta":{"_acf_changed":false,"footnotes":""},"class_list":["post-51566","page","type-page","status-publish","hentry"],"acf":[],"yoast_head":"<!-- This site is optimized with the Yoast SEO Premium plugin v27.4 (Yoast SEO v27.5) - https:\/\/yoast.com\/product\/yoast-seo-premium-wordpress\/ -->\n<title>Responsabilidad del producto - Wise Law Offices LLC<\/title>\n<meta name=\"robots\" content=\"index, follow, max-snippet:-1, max-image-preview:large, max-video-preview:-1\" \/>\n<link rel=\"canonical\" href=\"https:\/\/www.wiselawoffices.com\/es\/practice-areas\/responsabilidad-del-producto\/\" \/>\n<meta property=\"og:locale\" content=\"es_ES\" \/>\n<meta property=\"og:type\" content=\"article\" \/>\n<meta property=\"og:title\" content=\"Responsabilidad del producto\" \/>\n<meta property=\"og:description\" content=\"[vc_section full_width=\u00bbstretch_row\u00bb el_class=\u00bbhome_guarantee_section\u00bb][vc_row equal_height=\u00bbyes\u00bb content_placement=\u00bbmiddle\u00bb el_class=\u00bbhome_guarantee_section_row\u00bb][vc_column offset=\u00bbvc_col-lg-6 vc_col-md-6 vc_col-xs-12&#8243;][vc_single_image image=\u00bb51585&#8243; img_size=\u00bbfull\u00bb alignment=\u00bbcenter\u00bb el_class=\u00bbhome_guarantee_section_image\u00bb][\/vc_column][vc_column offset=\u00bbvc_col-lg-6 vc_col-md-6 vc_col-xs-12&#8243;][vc_column_text] Tome medidas cuando un producto defectuoso cause una lesi\u00f3n [\/vc_column_text][vc_column_text] Tiene derecho a esperar que usar un producto en el que gast\u00f3 el dinero que tanto lo cost\u00f3 ganar sea seguro. Sin embargo, un mal dise\u00f1o de producto y [&hellip;]\" \/>\n<meta property=\"og:url\" content=\"https:\/\/www.wiselawoffices.com\/es\/practice-areas\/responsabilidad-del-producto\/\" \/>\n<meta property=\"og:site_name\" content=\"Wise Law Offices LLC\" \/>\n<meta property=\"article:publisher\" content=\"https:\/\/www.facebook.com\/WiseLawOffices\" \/>\n<meta property=\"article:modified_time\" content=\"2024-03-29T18:28:10+00:00\" \/>\n<meta property=\"og:image\" content=\"https:\/\/www.wiselawoffices.com\/wp-content\/uploads\/2024\/03\/wise-law-graphic.jpg\" \/>\n\t<meta property=\"og:image:width\" content=\"1200\" \/>\n\t<meta property=\"og:image:height\" content=\"675\" \/>\n\t<meta property=\"og:image:type\" content=\"image\/jpeg\" \/>\n<meta name=\"twitter:card\" content=\"summary_large_image\" \/>\n<meta name=\"twitter:site\" content=\"@WiseLawOffices\" \/>\n<meta name=\"twitter:label1\" content=\"Tiempo de lectura\" \/>\n\t<meta name=\"twitter:data1\" content=\"4 minutos\" \/>\n<script type=\"application\/ld+json\" class=\"yoast-schema-graph\">{\"@context\":\"https:\\\/\\\/schema.org\",\"@graph\":[{\"@type\":\"WebPage\",\"@id\":\"https:\\\/\\\/www.wiselawoffices.com\\\/es\\\/practice-areas\\\/responsabilidad-del-producto\\\/\",\"url\":\"https:\\\/\\\/www.wiselawoffices.com\\\/es\\\/practice-areas\\\/responsabilidad-del-producto\\\/\",\"name\":\"Responsabilidad del producto - Wise Law Offices LLC\",\"isPartOf\":{\"@id\":\"https:\\\/\\\/www.wiselawoffices.com\\\/es\\\/#website\"},\"datePublished\":\"2020-12-22T01:56:21+00:00\",\"dateModified\":\"2024-03-29T18:28:10+00:00\",\"breadcrumb\":{\"@id\":\"https:\\\/\\\/www.wiselawoffices.com\\\/es\\\/practice-areas\\\/responsabilidad-del-producto\\\/#breadcrumb\"},\"inLanguage\":\"es\",\"potentialAction\":[{\"@type\":\"ReadAction\",\"target\":[\"https:\\\/\\\/www.wiselawoffices.com\\\/es\\\/practice-areas\\\/responsabilidad-del-producto\\\/\"]}]},{\"@type\":\"BreadcrumbList\",\"@id\":\"https:\\\/\\\/www.wiselawoffices.com\\\/es\\\/practice-areas\\\/responsabilidad-del-producto\\\/#breadcrumb\",\"itemListElement\":[{\"@type\":\"ListItem\",\"position\":1,\"name\":\"Home\",\"item\":\"https:\\\/\\\/www.wiselawoffices.com\\\/es\\\/\"},{\"@type\":\"ListItem\",\"position\":2,\"name\":\"Areas de pr\u00e1ctica\",\"item\":\"https:\\\/\\\/www.wiselawoffices.com\\\/es\\\/practice-areas\\\/\"},{\"@type\":\"ListItem\",\"position\":3,\"name\":\"Responsabilidad del producto\"}]},{\"@type\":\"WebSite\",\"@id\":\"https:\\\/\\\/www.wiselawoffices.com\\\/es\\\/#website\",\"url\":\"https:\\\/\\\/www.wiselawoffices.com\\\/es\\\/\",\"name\":\"Wise Law Offices LLC\",\"description\":\"Wise Law Offices - Your Chicago Personal Injury Lawyers\",\"publisher\":{\"@id\":\"https:\\\/\\\/www.wiselawoffices.com\\\/es\\\/#organization\"},\"potentialAction\":[{\"@type\":\"SearchAction\",\"target\":{\"@type\":\"EntryPoint\",\"urlTemplate\":\"https:\\\/\\\/www.wiselawoffices.com\\\/es\\\/?s={search_term_string}\"},\"query-input\":{\"@type\":\"PropertyValueSpecification\",\"valueRequired\":true,\"valueName\":\"search_term_string\"}}],\"inLanguage\":\"es\"},{\"@type\":[\"Organization\",\"Place\",\"LegalService\"],\"@id\":\"https:\\\/\\\/www.wiselawoffices.com\\\/es\\\/#organization\",\"name\":\"Wise Law Offices LLC\",\"url\":\"https:\\\/\\\/www.wiselawoffices.com\\\/es\\\/\",\"logo\":{\"@id\":\"https:\\\/\\\/www.wiselawoffices.com\\\/es\\\/practice-areas\\\/responsabilidad-del-producto\\\/#local-main-organization-logo\"},\"image\":{\"@id\":\"https:\\\/\\\/www.wiselawoffices.com\\\/es\\\/practice-areas\\\/responsabilidad-del-producto\\\/#local-main-organization-logo\"},\"sameAs\":[\"https:\\\/\\\/www.facebook.com\\\/WiseLawOffices\",\"https:\\\/\\\/x.com\\\/WiseLawOffices\",\"https:\\\/\\\/www.instagram.com\\\/wiselawoffices\\\/\",\"https:\\\/\\\/www.linkedin.com\\\/company\\\/wiselawoffices\"],\"description\":\"Wise Law Offices is a group of award-winning trial lawyers in Chicago, Illinois. Founded in 2002, the firm has helped thousands of people navigate the legal system following serious injury or catastrophic loss. In the last two decades, they have secured over $1 Billion for their personal injury clients, with more than 300 multi-million-dollar cases. Wise Law: Compassionate. Experienced. Aggressive.\",\"legalName\":\"Wise Law Offices, LLC\",\"foundingDate\":\"2002-01-22\",\"numberOfEmployees\":{\"@type\":\"QuantitativeValue\",\"minValue\":\"11\",\"maxValue\":\"50\"},\"address\":{\"@id\":\"https:\\\/\\\/www.wiselawoffices.com\\\/es\\\/practice-areas\\\/responsabilidad-del-producto\\\/#local-main-place-address\"},\"geo\":{\"@type\":\"GeoCoordinates\",\"latitude\":\"41.90640483804134\",\"longitude\":\"-87.65643960654296\"},\"telephone\":[\"3125802040\"],\"openingHoursSpecification\":[{\"@type\":\"OpeningHoursSpecification\",\"dayOfWeek\":[\"Monday\",\"Tuesday\",\"Wednesday\",\"Thursday\",\"Friday\",\"Saturday\",\"Sunday\"],\"opens\":\"08:00\",\"closes\":\"17:00\"}],\"areaServed\":\"Chicago Metro Area\"},{\"@type\":\"PostalAddress\",\"@id\":\"https:\\\/\\\/www.wiselawoffices.com\\\/es\\\/practice-areas\\\/responsabilidad-del-producto\\\/#local-main-place-address\",\"streetAddress\":\"161 North Clark Street, Suite 3250\",\"addressLocality\":\"Chicago\",\"postalCode\":\"60601\",\"addressRegion\":\"IL\",\"addressCountry\":\"US\"},{\"@type\":\"ImageObject\",\"inLanguage\":\"es\",\"@id\":\"https:\\\/\\\/www.wiselawoffices.com\\\/es\\\/practice-areas\\\/responsabilidad-del-producto\\\/#local-main-organization-logo\",\"url\":\"https:\\\/\\\/www.wiselawoffices.com\\\/wp-content\\\/uploads\\\/2024\\\/03\\\/wiselawoffices_vertical_logo.webp\",\"contentUrl\":\"https:\\\/\\\/www.wiselawoffices.com\\\/wp-content\\\/uploads\\\/2024\\\/03\\\/wiselawoffices_vertical_logo.webp\",\"width\":283,\"height\":234,\"caption\":\"Wise Law Offices LLC\"}]}<\/script>\n<meta name=\"geo.placename\" content=\"Chicago\" \/>\n<meta name=\"geo.position\" content=\"41.90640483804134;-87.65643960654296\" \/>\n<meta name=\"geo.region\" content=\"Estados Unidos (EEUU)\" \/>\n<!-- \/ Yoast SEO Premium plugin. -->","yoast_head_json":{"title":"Responsabilidad del producto - Wise Law Offices LLC","robots":{"index":"index","follow":"follow","max-snippet":"max-snippet:-1","max-image-preview":"max-image-preview:large","max-video-preview":"max-video-preview:-1"},"canonical":"https:\/\/www.wiselawoffices.com\/es\/practice-areas\/responsabilidad-del-producto\/","og_locale":"es_ES","og_type":"article","og_title":"Responsabilidad del producto","og_description":"[vc_section full_width=\u00bbstretch_row\u00bb el_class=\u00bbhome_guarantee_section\u00bb][vc_row equal_height=\u00bbyes\u00bb content_placement=\u00bbmiddle\u00bb el_class=\u00bbhome_guarantee_section_row\u00bb][vc_column offset=\u00bbvc_col-lg-6 vc_col-md-6 vc_col-xs-12&#8243;][vc_single_image image=\u00bb51585&#8243; img_size=\u00bbfull\u00bb alignment=\u00bbcenter\u00bb el_class=\u00bbhome_guarantee_section_image\u00bb][\/vc_column][vc_column offset=\u00bbvc_col-lg-6 vc_col-md-6 vc_col-xs-12&#8243;][vc_column_text] Tome medidas cuando un producto defectuoso cause una lesi\u00f3n [\/vc_column_text][vc_column_text] Tiene derecho a esperar que usar un producto en el que gast\u00f3 el dinero que tanto lo cost\u00f3 ganar sea seguro. Sin embargo, un mal dise\u00f1o de producto y [&hellip;]","og_url":"https:\/\/www.wiselawoffices.com\/es\/practice-areas\/responsabilidad-del-producto\/","og_site_name":"Wise Law Offices LLC","article_publisher":"https:\/\/www.facebook.com\/WiseLawOffices","article_modified_time":"2024-03-29T18:28:10+00:00","og_image":[{"width":1200,"height":675,"url":"https:\/\/www.wiselawoffices.com\/wp-content\/uploads\/2024\/03\/wise-law-graphic.jpg","type":"image\/jpeg"}],"twitter_card":"summary_large_image","twitter_site":"@WiseLawOffices","twitter_misc":{"Tiempo de lectura":"4 minutos"},"schema":{"@context":"https:\/\/schema.org","@graph":[{"@type":"WebPage","@id":"https:\/\/www.wiselawoffices.com\/es\/practice-areas\/responsabilidad-del-producto\/","url":"https:\/\/www.wiselawoffices.com\/es\/practice-areas\/responsabilidad-del-producto\/","name":"Responsabilidad del producto - Wise Law Offices LLC","isPartOf":{"@id":"https:\/\/www.wiselawoffices.com\/es\/#website"},"datePublished":"2020-12-22T01:56:21+00:00","dateModified":"2024-03-29T18:28:10+00:00","breadcrumb":{"@id":"https:\/\/www.wiselawoffices.com\/es\/practice-areas\/responsabilidad-del-producto\/#breadcrumb"},"inLanguage":"es","potentialAction":[{"@type":"ReadAction","target":["https:\/\/www.wiselawoffices.com\/es\/practice-areas\/responsabilidad-del-producto\/"]}]},{"@type":"BreadcrumbList","@id":"https:\/\/www.wiselawoffices.com\/es\/practice-areas\/responsabilidad-del-producto\/#breadcrumb","itemListElement":[{"@type":"ListItem","position":1,"name":"Home","item":"https:\/\/www.wiselawoffices.com\/es\/"},{"@type":"ListItem","position":2,"name":"Areas de pr\u00e1ctica","item":"https:\/\/www.wiselawoffices.com\/es\/practice-areas\/"},{"@type":"ListItem","position":3,"name":"Responsabilidad del producto"}]},{"@type":"WebSite","@id":"https:\/\/www.wiselawoffices.com\/es\/#website","url":"https:\/\/www.wiselawoffices.com\/es\/","name":"Wise Law Offices LLC","description":"Wise Law Offices - Your Chicago Personal Injury Lawyers","publisher":{"@id":"https:\/\/www.wiselawoffices.com\/es\/#organization"},"potentialAction":[{"@type":"SearchAction","target":{"@type":"EntryPoint","urlTemplate":"https:\/\/www.wiselawoffices.com\/es\/?s={search_term_string}"},"query-input":{"@type":"PropertyValueSpecification","valueRequired":true,"valueName":"search_term_string"}}],"inLanguage":"es"},{"@type":["Organization","Place","LegalService"],"@id":"https:\/\/www.wiselawoffices.com\/es\/#organization","name":"Wise Law Offices LLC","url":"https:\/\/www.wiselawoffices.com\/es\/","logo":{"@id":"https:\/\/www.wiselawoffices.com\/es\/practice-areas\/responsabilidad-del-producto\/#local-main-organization-logo"},"image":{"@id":"https:\/\/www.wiselawoffices.com\/es\/practice-areas\/responsabilidad-del-producto\/#local-main-organization-logo"},"sameAs":["https:\/\/www.facebook.com\/WiseLawOffices","https:\/\/x.com\/WiseLawOffices","https:\/\/www.instagram.com\/wiselawoffices\/","https:\/\/www.linkedin.com\/company\/wiselawoffices"],"description":"Wise Law Offices is a group of award-winning trial lawyers in Chicago, Illinois. Founded in 2002, the firm has helped thousands of people navigate the legal system following serious injury or catastrophic loss. In the last two decades, they have secured over $1 Billion for their personal injury clients, with more than 300 multi-million-dollar cases. Wise Law: Compassionate. Experienced. Aggressive.","legalName":"Wise Law Offices, LLC","foundingDate":"2002-01-22","numberOfEmployees":{"@type":"QuantitativeValue","minValue":"11","maxValue":"50"},"address":{"@id":"https:\/\/www.wiselawoffices.com\/es\/practice-areas\/responsabilidad-del-producto\/#local-main-place-address"},"geo":{"@type":"GeoCoordinates","latitude":"41.90640483804134","longitude":"-87.65643960654296"},"telephone":["3125802040"],"openingHoursSpecification":[{"@type":"OpeningHoursSpecification","dayOfWeek":["Monday","Tuesday","Wednesday","Thursday","Friday","Saturday","Sunday"],"opens":"08:00","closes":"17:00"}],"areaServed":"Chicago Metro Area"},{"@type":"PostalAddress","@id":"https:\/\/www.wiselawoffices.com\/es\/practice-areas\/responsabilidad-del-producto\/#local-main-place-address","streetAddress":"161 North Clark Street, Suite 3250","addressLocality":"Chicago","postalCode":"60601","addressRegion":"IL","addressCountry":"US"},{"@type":"ImageObject","inLanguage":"es","@id":"https:\/\/www.wiselawoffices.com\/es\/practice-areas\/responsabilidad-del-producto\/#local-main-organization-logo","url":"https:\/\/www.wiselawoffices.com\/wp-content\/uploads\/2024\/03\/wiselawoffices_vertical_logo.webp","contentUrl":"https:\/\/www.wiselawoffices.com\/wp-content\/uploads\/2024\/03\/wiselawoffices_vertical_logo.webp","width":283,"height":234,"caption":"Wise Law Offices LLC"}]},"geo.placename":"Chicago","geo.position":{"lat":"41.90640483804134","long":"-87.65643960654296"},"geo.region":"Estados Unidos (EEUU)"},"_links":{"self":[{"href":"https:\/\/www.wiselawoffices.com\/es\/wp-json\/wp\/v2\/pages\/51566","targetHints":{"allow":["GET"]}}],"collection":[{"href":"https:\/\/www.wiselawoffices.com\/es\/wp-json\/wp\/v2\/pages"}],"about":[{"href":"https:\/\/www.wiselawoffices.com\/es\/wp-json\/wp\/v2\/types\/page"}],"author":[{"embeddable":true,"href":"https:\/\/www.wiselawoffices.com\/es\/wp-json\/wp\/v2\/users\/1"}],"replies":[{"embeddable":true,"href":"https:\/\/www.wiselawoffices.com\/es\/wp-json\/wp\/v2\/comments?post=51566"}],"version-history":[{"count":0,"href":"https:\/\/www.wiselawoffices.com\/es\/wp-json\/wp\/v2\/pages\/51566\/revisions"}],"up":[{"embeddable":true,"href":"https:\/\/www.wiselawoffices.com\/es\/wp-json\/wp\/v2\/pages\/51546"}],"wp:attachment":[{"href":"https:\/\/www.wiselawoffices.com\/es\/wp-json\/wp\/v2\/media?parent=51566"}],"curies":[{"name":"wp","href":"https:\/\/api.w.org\/{rel}","templated":true}]}}