{"id":51567,"date":"2020-12-21T19:57:49","date_gmt":"2020-12-22T01:57:49","guid":{"rendered":"https:\/\/wiselawoffices.wpengine.com\/practice-areas\/lesiones-en-el-trabajo\/"},"modified":"2024-03-29T12:54:29","modified_gmt":"2024-03-29T17:54:29","slug":"lesiones-en-el-trabajo","status":"publish","type":"page","link":"https:\/\/www.wiselawoffices.com\/es\/practice-areas\/lesiones-en-el-trabajo\/","title":{"rendered":"Lesiones en el trabajo"},"content":{"rendered":"<div class=\"wpb-content-wrapper\"><p>[vc_section full_width=\u00bbstretch_row\u00bb el_class=\u00bbhome_guarantee_section\u00bb][vc_row equal_height=\u00bbyes\u00bb content_placement=\u00bbmiddle\u00bb el_class=\u00bbhome_guarantee_section_row\u00bb][vc_column offset=\u00bbvc_col-lg-6 vc_col-md-6 vc_col-xs-12&#8243;][vc_single_image image=\u00bb51527&#8243; img_size=\u00bbfull\u00bb alignment=\u00bbcenter\u00bb el_class=\u00bbhome_guarantee_section_image\u00bb][\/vc_column][vc_column offset=\u00bbvc_col-lg-6 vc_col-md-6 vc_col-xs-12&#8243;][vc_column_text]<\/p>\n<h2 class=\"section_title w_font\">Los empleados merecen un lugar de trabajo seguro<\/h2>\n<div class=\"section_title_hr section_title_hr_left\"><\/div>\n<p>[\/vc_column_text][vc_column_text]<\/p>\n<p class=\"w_font\">\u00bfUsted o un familiar se lesionaron en el trabajo? Puede solicitar indemnizaci\u00f3n laboral por todas sus lesiones en el trabajo. Si la lesi\u00f3n involucra a alguien adem\u00e1s del empleador, por ejemplo, al fabricante de una pieza de maquinaria, puede tener derecho a compensaci\u00f3n adicional por el accidente que va m\u00e1s all\u00e1 de la indemnizaci\u00f3n laboral.<\/p>\n<p>[\/vc_column_text][\/vc_column][\/vc_row][\/vc_section][vc_row full_width=\u00bbstretch_row\u00bb css=\u00bb.vc_custom_1711734828047{padding-top: 30px !important;padding-bottom: 30px !important;background-color: #ecf0f3 !important;}\u00bb][vc_column width=\u00bb2\/3&#8243; css=\u00bb.vc_custom_1710958477219{padding-top: 40px !important;padding-bottom: 40px !important;}\u00bb][vc_column_text]En Wise Law, hemos presentado m\u00faltiples acciones legales contra lugares de trabajo, empresas, sitios de construcci\u00f3n y otras partes responsables en Illinois cuando una lesi\u00f3n o muerte prematura fue causada por la negligencia, la falla de un producto o un evento catastr\u00f3fico similar. Puede confiar en nuestra experiencia como negociantes y abogados litigantes en demandas de lesiones personales y muerte por negligencia. Estamos listos para luchar por usted.<\/p>\n<p>Las lesiones en el lugar de trabajo pueden sucederle a cualquiera en todos tipos de entornos comerciales, y la cantidad de lesiones en el lugar de trabajo puede ser impactante. Un estudio reciente revel\u00f3 que cada a\u00f1o, casi 1 mill\u00f3n de trabajadores en los Estados Unidos experimentan una lesi\u00f3n que provoca que se pierdan uno o m\u00e1s d\u00edas de trabajo y las lesiones en el lugar de trabajo son la sexta principal causa de reclamaciones de incapacidad. Tan solo en Illinois, el mismo estudio indic\u00f3 que hubo 26,500 lesiones en el lugar de trabajo que requirieron transferencias de puesto o restricciones y se presentaron casi 111,000 reclamaciones de incapacidad.[\/vc_column_text][\/vc_column][vc_column width=\u00bb1\/3&#8243; css=\u00bb.vc_custom_1711650991763{padding-top: 30px !important;padding-right: 30px !important;padding-bottom: 30px !important;padding-left: 30px !important;}\u00bb el_class=\u00bbpractice_areas\u00bb][vc_column_text]<\/p>\n<h2 class=\"section_title black_font\">Areas de Pr\u00e1ctica<\/h2>\n<div class=\"section_title_hr section_title_hr_theme hr_alignleft\"><\/div>\n<p>[\/vc_column_text][vc_wp_custommenu nav_menu=\u00bb22&#8243; el_class=\u00bbpractice_menu\u00bb][\/vc_column][\/vc_row][vc_section el_class=\u00bbhome_advantage_section\u00bb][vc_row equal_height=\u00bbyes\u00bb content_placement=\u00bbmiddle\u00bb el_class=\u00bbhome_advantage_section_row\u00bb][vc_column offset=\u00bbvc_col-lg-4 vc_col-md-5 vc_col-xs-12&#8243;][vc_column_text]<\/p>\n<h2 class=\"section_title text-left\">Estamos aqu\u00ed para ayudarle<\/h2>\n<div class=\"section_title_hr section_title_hr_theme section_title_hr_left\"><\/div>\n<p>[\/vc_column_text][vc_column_text]Por favor llame a nuestra oficina de Chicago al <a href=\"tel:312-580-2040\">312-580-2040<\/a>. Tambi\u00e9n puede llenar nuestro <a href=\"https:\/\/wiselawoffices.wpengine.com\/es\/contact\/\">formulario<\/a> si lo prefiere. Su consulta es gratuita.[\/vc_column_text][vc_btn title=\u00bbCONTACTO\u00bb style=\u00bbcustom\u00bb custom_background=\u00bb#4c3176&#8243; custom_text=\u00bb#ffffff\u00bb align=\u00bbleft\u00bb el_class=\u00bbtheme_btn theme_btn_w_bg\u00bb link=\u00bburl:https%3A%2F%2Fwiselawoffices.wpengine.com%2Fcontact%2F|title:Contact\u00bb][\/vc_column][vc_column offset=\u00bbvc_col-lg-8 vc_col-md-7 vc_col-xs-12&#8243;][vc_single_image image=\u00bb149&#8243; img_size=\u00bbfull\u00bb alignment=\u00bbcenter\u00bb el_class=\u00bbhome_advantage_section_row_img\u00bb][\/vc_column][\/vc_row][\/vc_section][vc_row][vc_column][vc_column_text]<\/p>\n<h2 class=\"section_title text-left\">\u00c9xitos<\/h2>\n<div class=\"section_title_hr section_title_hr_theme section_title_hr_left\"><\/div>\n<p>[\/vc_column_text][vc_column_text]<\/p>\n<h3><strong>Acuerdo de $3.32 millones por lesiones sufridas tras un colapso en la construcci\u00f3n de un puente<\/strong><\/h3>\n<p>Representamos a un herrero sindicalizado que se lesion\u00f3 en 2005 cuando una porci\u00f3n de un paso a desnivel se derrumb\u00f3 y prens\u00f3 su brazo mientras trabajaba en un&#8230;<\/p>\n<p><a href=\"https:\/\/wiselawoffices.wpengine.com\/our-success\/3-32-million-settlement-for-injuries-sustained-in-bridge-construction-collapse\/\">Leer m\u00e1s<\/a><\/p>\n<hr size=\"0\" \/>\n<h3><strong>Acuerdo de $4.055 millones por una lesi\u00f3n en el lugar de trabajo a causa de un nuevo producto de apuntalamiento<\/strong><\/h3>\n<p>Representamos a un carpintero de 44 a\u00f1os y su esposa en su demanda por responsabilidad de producto y lesi\u00f3n en el lugar de trabajo. El carpintero era empleado de Walsh Construction Co. &#8230;<\/p>\n<p><a href=\"https:\/\/wiselawoffices.wpengine.com\/our-success\/4-055-million-settlement-for-workplace-injury-from-new-shoring-product\/\">Leer m\u00e1s<\/a><\/p>\n<hr size=\"0\" \/>\n<h3><strong>Veredicto de jurado de $1.75 millones por una lesi\u00f3n de resbal\u00f3n y ca\u00edda en una pista del aeropuerto<\/strong><\/h3>\n<p>Representamos a un piloto de Air Wisconsin que se cay\u00f3 en una superficie helada de la pista del aeropuerto O&#8217;Hare de Chicago al bajar de las escaleras que conduc\u00edan a&#8230;<\/p>\n<p><a href=\"https:\/\/wiselawoffices.wpengine.com\/our-success\/1-75-million-jury-verdict-for-slip-and-fall-injury-on-airport-tarmac\/\">Leer m\u00e1s<\/a><\/p>\n<hr size=\"0\" \/>\n<h3><strong>Veredicto de jurado de $2.6 millones por un producto defectuoso en el lugar de trabajo<\/strong><\/h3>\n<p>Un clasificador de basura perdi\u00f3 parte del pie cuando qued\u00f3 enganchado en una m\u00e1quina de prensado de papel. Estaba intentando desatascar la m\u00e1quina&#8230;<\/p>\n<p><a href=\"https:\/\/wiselawoffices.wpengine.com\/our-success\/2-6-million-jury-verdict-for-workplace-defective-product\/\">Leer m\u00e1s<\/a><\/p>\n<hr size=\"0\" \/>\n<h3><strong>Laudo de jurado por $1.5 millones por una falta de advertencia<\/strong><\/h3>\n<p>Nuestro cliente, un hombre de 69 a\u00f1os, estaba en una casa instalando cortinas automatizadas. Al dejar la casa, se cay\u00f3 en una escalera&#8230;<\/p>\n<p><a href=\"https:\/\/wiselawoffices.wpengine.com\/our-success\/1-5-million-jury-award-for-failure-to-warn\/\">Leer m\u00e1s<\/a><\/p>\n<hr size=\"0\" \/>\n<h3><strong>Acuerdo de $615,000 por lesi\u00f3n en un lugar de trabajo de atenci\u00f3n m\u00e9dica<\/strong><\/h3>\n<p>Un anestesi\u00f3logo de 37 a\u00f1os fue infectado con el virus del SIDA tras una lesi\u00f3n con una aguja. Su mano fue pinchada por la aguja de una jeringa que&#8230;<\/p>\n<p><a href=\"https:\/\/wiselawoffices.wpengine.com\/our-success\/615-000-healthcare-workplace-injury-settlement\/\">Leer m\u00e1s<\/a><\/p>\n<hr size=\"0\" \/>\n<h3><strong>$1.25 millones para resolver una reclamaci\u00f3n de negligencia en el lugar de trabajo<\/strong><\/h3>\n<p>Un hombre sufri\u00f3 una grave lesi\u00f3n a la rodilla mientras trabajaba en un sitio de trabajo repleto de escombros de construcci\u00f3n, muchos de los cuales se encontraban bajo el agua.<\/p>\n<p><a href=\"https:\/\/wiselawoffices.wpengine.com\/our-success\/1-25-million-to-settle-worksite-negligence-claim\/\">Leer m\u00e1s<\/a><\/p>\n<hr size=\"0\" \/>\n<h3><strong>Acuerdo de $400,000 por una lesi\u00f3n en el lugar de trabajo debido a un producto defectuoso<\/strong><\/h3>\n<p>Un operador de caldera de 27 a\u00f1os se fractur\u00f3 la pelvis y la mand\u00edbula cuando un hombre que operaba un cargador frontal retrocedi\u00f3 directamente hacia \u00e9l, empuj\u00e1ndolo y presion\u00e1ndolo contra&#8230;<\/p>\n<p><a href=\"https:\/\/wiselawoffices.wpengine.com\/our-success\/400-000-workplace-injury-settlement-due-to-defective-product\/\">Leer m\u00e1s<\/a>[\/vc_column_text][\/vc_column][\/vc_row]<\/p>\n<\/div>","protected":false},"excerpt":{"rendered":"<p>[vc_section full_width=\u00bbstretch_row\u00bb el_class=\u00bbhome_guarantee_section\u00bb][vc_row equal_height=\u00bbyes\u00bb content_placement=\u00bbmiddle\u00bb el_class=\u00bbhome_guarantee_section_row\u00bb][vc_column offset=\u00bbvc_col-lg-6 vc_col-md-6 vc_col-xs-12&#8243;][vc_single_image image=\u00bb51527&#8243; img_size=\u00bbfull\u00bb alignment=\u00bbcenter\u00bb el_class=\u00bbhome_guarantee_section_image\u00bb][\/vc_column][vc_column offset=\u00bbvc_col-lg-6 vc_col-md-6 vc_col-xs-12&#8243;][vc_column_text] Los empleados merecen un lugar de trabajo seguro [\/vc_column_text][vc_column_text] \u00bfUsted o un familiar se lesionaron en el trabajo? Puede solicitar indemnizaci\u00f3n laboral por todas sus lesiones en el trabajo. Si la lesi\u00f3n involucra a alguien adem\u00e1s del empleador, por [&hellip;]<\/p>\n","protected":false},"author":1,"featured_media":0,"parent":51546,"menu_order":0,"comment_status":"closed","ping_status":"closed","template":"","meta":{"_acf_changed":false,"footnotes":""},"class_list":["post-51567","page","type-page","status-publish","hentry"],"acf":[],"yoast_head":"<!-- This site is optimized with the Yoast SEO Premium plugin v27.3 (Yoast SEO v27.3) - https:\/\/yoast.com\/product\/yoast-seo-premium-wordpress\/ -->\n<title>Lesiones en el trabajo - Wise Law Offices LLC<\/title>\n<meta name=\"robots\" content=\"index, follow, max-snippet:-1, max-image-preview:large, max-video-preview:-1\" \/>\n<link rel=\"canonical\" href=\"https:\/\/www.wiselawoffices.com\/es\/practice-areas\/lesiones-en-el-trabajo\/\" \/>\n<meta property=\"og:locale\" content=\"es_ES\" \/>\n<meta property=\"og:type\" content=\"article\" \/>\n<meta property=\"og:title\" content=\"Lesiones en el trabajo\" \/>\n<meta property=\"og:description\" content=\"[vc_section full_width=\u00bbstretch_row\u00bb el_class=\u00bbhome_guarantee_section\u00bb][vc_row equal_height=\u00bbyes\u00bb content_placement=\u00bbmiddle\u00bb el_class=\u00bbhome_guarantee_section_row\u00bb][vc_column offset=\u00bbvc_col-lg-6 vc_col-md-6 vc_col-xs-12&#8243;][vc_single_image image=\u00bb51527&#8243; img_size=\u00bbfull\u00bb alignment=\u00bbcenter\u00bb el_class=\u00bbhome_guarantee_section_image\u00bb][\/vc_column][vc_column offset=\u00bbvc_col-lg-6 vc_col-md-6 vc_col-xs-12&#8243;][vc_column_text] Los empleados merecen un lugar de trabajo seguro [\/vc_column_text][vc_column_text] \u00bfUsted o un familiar se lesionaron en el trabajo? Puede solicitar indemnizaci\u00f3n laboral por todas sus lesiones en el trabajo. Si la lesi\u00f3n involucra a alguien adem\u00e1s del empleador, por [&hellip;]\" \/>\n<meta property=\"og:url\" content=\"https:\/\/www.wiselawoffices.com\/es\/practice-areas\/lesiones-en-el-trabajo\/\" \/>\n<meta property=\"og:site_name\" content=\"Wise Law Offices LLC\" \/>\n<meta property=\"article:publisher\" content=\"https:\/\/www.facebook.com\/WiseLawOffices\" \/>\n<meta property=\"article:modified_time\" content=\"2024-03-29T17:54:29+00:00\" \/>\n<meta property=\"og:image\" content=\"https:\/\/www.wiselawoffices.com\/wp-content\/uploads\/2024\/03\/wise-law-graphic.jpg\" \/>\n\t<meta property=\"og:image:width\" content=\"1200\" \/>\n\t<meta property=\"og:image:height\" content=\"675\" \/>\n\t<meta property=\"og:image:type\" content=\"image\/jpeg\" \/>\n<meta name=\"twitter:card\" content=\"summary_large_image\" \/>\n<meta name=\"twitter:site\" content=\"@WiseLawOffices\" \/>\n<meta name=\"twitter:label1\" content=\"Tiempo de lectura\" \/>\n\t<meta name=\"twitter:data1\" content=\"4 minutos\" \/>\n<script type=\"application\/ld+json\" class=\"yoast-schema-graph\">{\"@context\":\"https:\\\/\\\/schema.org\",\"@graph\":[{\"@type\":\"WebPage\",\"@id\":\"https:\\\/\\\/www.wiselawoffices.com\\\/es\\\/practice-areas\\\/lesiones-en-el-trabajo\\\/\",\"url\":\"https:\\\/\\\/www.wiselawoffices.com\\\/es\\\/practice-areas\\\/lesiones-en-el-trabajo\\\/\",\"name\":\"Lesiones en el trabajo - Wise Law Offices LLC\",\"isPartOf\":{\"@id\":\"https:\\\/\\\/www.wiselawoffices.com\\\/es\\\/#website\"},\"datePublished\":\"2020-12-22T01:57:49+00:00\",\"dateModified\":\"2024-03-29T17:54:29+00:00\",\"breadcrumb\":{\"@id\":\"https:\\\/\\\/www.wiselawoffices.com\\\/es\\\/practice-areas\\\/lesiones-en-el-trabajo\\\/#breadcrumb\"},\"inLanguage\":\"es\",\"potentialAction\":[{\"@type\":\"ReadAction\",\"target\":[\"https:\\\/\\\/www.wiselawoffices.com\\\/es\\\/practice-areas\\\/lesiones-en-el-trabajo\\\/\"]}]},{\"@type\":\"BreadcrumbList\",\"@id\":\"https:\\\/\\\/www.wiselawoffices.com\\\/es\\\/practice-areas\\\/lesiones-en-el-trabajo\\\/#breadcrumb\",\"itemListElement\":[{\"@type\":\"ListItem\",\"position\":1,\"name\":\"Home\",\"item\":\"https:\\\/\\\/www.wiselawoffices.com\\\/es\\\/\"},{\"@type\":\"ListItem\",\"position\":2,\"name\":\"Areas de pr\u00e1ctica\",\"item\":\"https:\\\/\\\/www.wiselawoffices.com\\\/es\\\/practice-areas\\\/\"},{\"@type\":\"ListItem\",\"position\":3,\"name\":\"Lesiones en el trabajo\"}]},{\"@type\":\"WebSite\",\"@id\":\"https:\\\/\\\/www.wiselawoffices.com\\\/es\\\/#website\",\"url\":\"https:\\\/\\\/www.wiselawoffices.com\\\/es\\\/\",\"name\":\"Wise Law Offices LLC\",\"description\":\"Wise Law Offices - Your Chicago Personal Injury Lawyers\",\"publisher\":{\"@id\":\"https:\\\/\\\/www.wiselawoffices.com\\\/es\\\/#organization\"},\"potentialAction\":[{\"@type\":\"SearchAction\",\"target\":{\"@type\":\"EntryPoint\",\"urlTemplate\":\"https:\\\/\\\/www.wiselawoffices.com\\\/es\\\/?s={search_term_string}\"},\"query-input\":{\"@type\":\"PropertyValueSpecification\",\"valueRequired\":true,\"valueName\":\"search_term_string\"}}],\"inLanguage\":\"es\"},{\"@type\":[\"Organization\",\"Place\",\"LegalService\"],\"@id\":\"https:\\\/\\\/www.wiselawoffices.com\\\/es\\\/#organization\",\"name\":\"Wise Law Offices LLC\",\"url\":\"https:\\\/\\\/www.wiselawoffices.com\\\/es\\\/\",\"logo\":{\"@id\":\"https:\\\/\\\/www.wiselawoffices.com\\\/es\\\/practice-areas\\\/lesiones-en-el-trabajo\\\/#local-main-organization-logo\"},\"image\":{\"@id\":\"https:\\\/\\\/www.wiselawoffices.com\\\/es\\\/practice-areas\\\/lesiones-en-el-trabajo\\\/#local-main-organization-logo\"},\"sameAs\":[\"https:\\\/\\\/www.facebook.com\\\/WiseLawOffices\",\"https:\\\/\\\/x.com\\\/WiseLawOffices\",\"https:\\\/\\\/www.instagram.com\\\/wiselawoffices\\\/\",\"https:\\\/\\\/www.linkedin.com\\\/company\\\/wiselawoffices\"],\"description\":\"Wise Law Offices is a group of award-winning trial lawyers in Chicago, Illinois. Founded in 2002, the firm has helped thousands of people navigate the legal system following serious injury or catastrophic loss. In the last two decades, they have secured over $1 Billion for their personal injury clients, with more than 300 multi-million-dollar cases. Wise Law: Compassionate. Experienced. Aggressive.\",\"legalName\":\"Wise Law Offices, LLC\",\"foundingDate\":\"2002-01-22\",\"numberOfEmployees\":{\"@type\":\"QuantitativeValue\",\"minValue\":\"11\",\"maxValue\":\"50\"},\"address\":{\"@id\":\"https:\\\/\\\/www.wiselawoffices.com\\\/es\\\/practice-areas\\\/lesiones-en-el-trabajo\\\/#local-main-place-address\"},\"geo\":{\"@type\":\"GeoCoordinates\",\"latitude\":\"41.90640483804134\",\"longitude\":\"-87.65643960654296\"},\"telephone\":[\"3125802040\"],\"openingHoursSpecification\":[{\"@type\":\"OpeningHoursSpecification\",\"dayOfWeek\":[\"Monday\",\"Tuesday\",\"Wednesday\",\"Thursday\",\"Friday\",\"Saturday\",\"Sunday\"],\"opens\":\"08:00\",\"closes\":\"17:00\"}],\"areaServed\":\"Chicago Metro Area\"},{\"@type\":\"PostalAddress\",\"@id\":\"https:\\\/\\\/www.wiselawoffices.com\\\/es\\\/practice-areas\\\/lesiones-en-el-trabajo\\\/#local-main-place-address\",\"streetAddress\":\"161 North Clark Street, Suite 3250\",\"addressLocality\":\"Chicago\",\"postalCode\":\"60601\",\"addressRegion\":\"IL\",\"addressCountry\":\"US\"},{\"@type\":\"ImageObject\",\"inLanguage\":\"es\",\"@id\":\"https:\\\/\\\/www.wiselawoffices.com\\\/es\\\/practice-areas\\\/lesiones-en-el-trabajo\\\/#local-main-organization-logo\",\"url\":\"https:\\\/\\\/www.wiselawoffices.com\\\/wp-content\\\/uploads\\\/2024\\\/03\\\/wiselawoffices_vertical_logo.webp\",\"contentUrl\":\"https:\\\/\\\/www.wiselawoffices.com\\\/wp-content\\\/uploads\\\/2024\\\/03\\\/wiselawoffices_vertical_logo.webp\",\"width\":283,\"height\":234,\"caption\":\"Wise Law Offices LLC\"}]}<\/script>\n<meta name=\"geo.placename\" content=\"Chicago\" \/>\n<meta name=\"geo.position\" content=\"41.90640483804134;-87.65643960654296\" \/>\n<meta name=\"geo.region\" content=\"Estados Unidos (EEUU)\" \/>\n<!-- \/ Yoast SEO Premium plugin. -->","yoast_head_json":{"title":"Lesiones en el trabajo - Wise Law Offices LLC","robots":{"index":"index","follow":"follow","max-snippet":"max-snippet:-1","max-image-preview":"max-image-preview:large","max-video-preview":"max-video-preview:-1"},"canonical":"https:\/\/www.wiselawoffices.com\/es\/practice-areas\/lesiones-en-el-trabajo\/","og_locale":"es_ES","og_type":"article","og_title":"Lesiones en el trabajo","og_description":"[vc_section full_width=\u00bbstretch_row\u00bb el_class=\u00bbhome_guarantee_section\u00bb][vc_row equal_height=\u00bbyes\u00bb content_placement=\u00bbmiddle\u00bb el_class=\u00bbhome_guarantee_section_row\u00bb][vc_column offset=\u00bbvc_col-lg-6 vc_col-md-6 vc_col-xs-12&#8243;][vc_single_image image=\u00bb51527&#8243; img_size=\u00bbfull\u00bb alignment=\u00bbcenter\u00bb el_class=\u00bbhome_guarantee_section_image\u00bb][\/vc_column][vc_column offset=\u00bbvc_col-lg-6 vc_col-md-6 vc_col-xs-12&#8243;][vc_column_text] Los empleados merecen un lugar de trabajo seguro [\/vc_column_text][vc_column_text] \u00bfUsted o un familiar se lesionaron en el trabajo? Puede solicitar indemnizaci\u00f3n laboral por todas sus lesiones en el trabajo. Si la lesi\u00f3n involucra a alguien adem\u00e1s del empleador, por [&hellip;]","og_url":"https:\/\/www.wiselawoffices.com\/es\/practice-areas\/lesiones-en-el-trabajo\/","og_site_name":"Wise Law Offices LLC","article_publisher":"https:\/\/www.facebook.com\/WiseLawOffices","article_modified_time":"2024-03-29T17:54:29+00:00","og_image":[{"width":1200,"height":675,"url":"https:\/\/www.wiselawoffices.com\/wp-content\/uploads\/2024\/03\/wise-law-graphic.jpg","type":"image\/jpeg"}],"twitter_card":"summary_large_image","twitter_site":"@WiseLawOffices","twitter_misc":{"Tiempo de lectura":"4 minutos"},"schema":{"@context":"https:\/\/schema.org","@graph":[{"@type":"WebPage","@id":"https:\/\/www.wiselawoffices.com\/es\/practice-areas\/lesiones-en-el-trabajo\/","url":"https:\/\/www.wiselawoffices.com\/es\/practice-areas\/lesiones-en-el-trabajo\/","name":"Lesiones en el trabajo - Wise Law Offices LLC","isPartOf":{"@id":"https:\/\/www.wiselawoffices.com\/es\/#website"},"datePublished":"2020-12-22T01:57:49+00:00","dateModified":"2024-03-29T17:54:29+00:00","breadcrumb":{"@id":"https:\/\/www.wiselawoffices.com\/es\/practice-areas\/lesiones-en-el-trabajo\/#breadcrumb"},"inLanguage":"es","potentialAction":[{"@type":"ReadAction","target":["https:\/\/www.wiselawoffices.com\/es\/practice-areas\/lesiones-en-el-trabajo\/"]}]},{"@type":"BreadcrumbList","@id":"https:\/\/www.wiselawoffices.com\/es\/practice-areas\/lesiones-en-el-trabajo\/#breadcrumb","itemListElement":[{"@type":"ListItem","position":1,"name":"Home","item":"https:\/\/www.wiselawoffices.com\/es\/"},{"@type":"ListItem","position":2,"name":"Areas de pr\u00e1ctica","item":"https:\/\/www.wiselawoffices.com\/es\/practice-areas\/"},{"@type":"ListItem","position":3,"name":"Lesiones en el trabajo"}]},{"@type":"WebSite","@id":"https:\/\/www.wiselawoffices.com\/es\/#website","url":"https:\/\/www.wiselawoffices.com\/es\/","name":"Wise Law Offices LLC","description":"Wise Law Offices - Your Chicago Personal Injury Lawyers","publisher":{"@id":"https:\/\/www.wiselawoffices.com\/es\/#organization"},"potentialAction":[{"@type":"SearchAction","target":{"@type":"EntryPoint","urlTemplate":"https:\/\/www.wiselawoffices.com\/es\/?s={search_term_string}"},"query-input":{"@type":"PropertyValueSpecification","valueRequired":true,"valueName":"search_term_string"}}],"inLanguage":"es"},{"@type":["Organization","Place","LegalService"],"@id":"https:\/\/www.wiselawoffices.com\/es\/#organization","name":"Wise Law Offices LLC","url":"https:\/\/www.wiselawoffices.com\/es\/","logo":{"@id":"https:\/\/www.wiselawoffices.com\/es\/practice-areas\/lesiones-en-el-trabajo\/#local-main-organization-logo"},"image":{"@id":"https:\/\/www.wiselawoffices.com\/es\/practice-areas\/lesiones-en-el-trabajo\/#local-main-organization-logo"},"sameAs":["https:\/\/www.facebook.com\/WiseLawOffices","https:\/\/x.com\/WiseLawOffices","https:\/\/www.instagram.com\/wiselawoffices\/","https:\/\/www.linkedin.com\/company\/wiselawoffices"],"description":"Wise Law Offices is a group of award-winning trial lawyers in Chicago, Illinois. Founded in 2002, the firm has helped thousands of people navigate the legal system following serious injury or catastrophic loss. In the last two decades, they have secured over $1 Billion for their personal injury clients, with more than 300 multi-million-dollar cases. Wise Law: Compassionate. Experienced. Aggressive.","legalName":"Wise Law Offices, LLC","foundingDate":"2002-01-22","numberOfEmployees":{"@type":"QuantitativeValue","minValue":"11","maxValue":"50"},"address":{"@id":"https:\/\/www.wiselawoffices.com\/es\/practice-areas\/lesiones-en-el-trabajo\/#local-main-place-address"},"geo":{"@type":"GeoCoordinates","latitude":"41.90640483804134","longitude":"-87.65643960654296"},"telephone":["3125802040"],"openingHoursSpecification":[{"@type":"OpeningHoursSpecification","dayOfWeek":["Monday","Tuesday","Wednesday","Thursday","Friday","Saturday","Sunday"],"opens":"08:00","closes":"17:00"}],"areaServed":"Chicago Metro Area"},{"@type":"PostalAddress","@id":"https:\/\/www.wiselawoffices.com\/es\/practice-areas\/lesiones-en-el-trabajo\/#local-main-place-address","streetAddress":"161 North Clark Street, Suite 3250","addressLocality":"Chicago","postalCode":"60601","addressRegion":"IL","addressCountry":"US"},{"@type":"ImageObject","inLanguage":"es","@id":"https:\/\/www.wiselawoffices.com\/es\/practice-areas\/lesiones-en-el-trabajo\/#local-main-organization-logo","url":"https:\/\/www.wiselawoffices.com\/wp-content\/uploads\/2024\/03\/wiselawoffices_vertical_logo.webp","contentUrl":"https:\/\/www.wiselawoffices.com\/wp-content\/uploads\/2024\/03\/wiselawoffices_vertical_logo.webp","width":283,"height":234,"caption":"Wise Law Offices LLC"}]},"geo.placename":"Chicago","geo.position":{"lat":"41.90640483804134","long":"-87.65643960654296"},"geo.region":"Estados Unidos (EEUU)"},"_links":{"self":[{"href":"https:\/\/www.wiselawoffices.com\/es\/wp-json\/wp\/v2\/pages\/51567","targetHints":{"allow":["GET"]}}],"collection":[{"href":"https:\/\/www.wiselawoffices.com\/es\/wp-json\/wp\/v2\/pages"}],"about":[{"href":"https:\/\/www.wiselawoffices.com\/es\/wp-json\/wp\/v2\/types\/page"}],"author":[{"embeddable":true,"href":"https:\/\/www.wiselawoffices.com\/es\/wp-json\/wp\/v2\/users\/1"}],"replies":[{"embeddable":true,"href":"https:\/\/www.wiselawoffices.com\/es\/wp-json\/wp\/v2\/comments?post=51567"}],"version-history":[{"count":0,"href":"https:\/\/www.wiselawoffices.com\/es\/wp-json\/wp\/v2\/pages\/51567\/revisions"}],"up":[{"embeddable":true,"href":"https:\/\/www.wiselawoffices.com\/es\/wp-json\/wp\/v2\/pages\/51546"}],"wp:attachment":[{"href":"https:\/\/www.wiselawoffices.com\/es\/wp-json\/wp\/v2\/media?parent=51567"}],"curies":[{"name":"wp","href":"https:\/\/api.w.org\/{rel}","templated":true}]}}